{"id":47,"date":"2025-03-26T16:34:27","date_gmt":"2025-03-26T15:34:27","guid":{"rendered":"https:\/\/www.kajuka.ch\/?page_id=47"},"modified":"2026-01-19T13:51:50","modified_gmt":"2026-01-19T12:51:50","slug":"kontakt","status":"publish","type":"page","link":"https:\/\/www.kajuka.ch\/fr\/kontakt\/","title":{"rendered":"Contact"},"content":{"rendered":"<div data-elementor-type=\"wp-page\" data-elementor-id=\"47\" class=\"elementor elementor-47\" data-elementor-post-type=\"page\">\n\t\t\t\t<div class=\"elementor-element elementor-element-c46cbde e-flex e-con-boxed e-con e-parent\" data-id=\"c46cbde\" data-element_type=\"container\" data-e-type=\"container\">\n\t\t\t\t\t<div class=\"e-con-inner\">\n\t\t\t\t<div class=\"elementor-element elementor-element-50f1589 elementor-widget elementor-widget-heading\" data-id=\"50f1589\" data-element_type=\"widget\" data-e-type=\"widget\" data-widget_type=\"heading.default\">\n\t\t\t\t<div class=\"elementor-widget-container\">\n\t\t\t\t\t<h2 class=\"elementor-heading-title elementor-size-default\">Contact<\/h2>\t\t\t\t<\/div>\n\t\t\t\t<\/div>\n\t\t\t\t\t<\/div>\n\t\t\t\t<\/div>\n\t\t<div class=\"elementor-element elementor-element-1b477ef e-flex e-con-boxed e-con e-parent\" data-id=\"1b477ef\" data-element_type=\"container\" data-e-type=\"container\">\n\t\t\t\t\t<div class=\"e-con-inner\">\n\t\t<div class=\"elementor-element elementor-element-f3c34c2 e-con-full e-flex e-con e-child\" data-id=\"f3c34c2\" data-element_type=\"container\" data-e-type=\"container\">\n\t\t\t\t<div class=\"elementor-element elementor-element-4648849 elementor-widget elementor-widget-image\" data-id=\"4648849\" data-element_type=\"widget\" data-e-type=\"widget\" data-widget_type=\"image.default\">\n\t\t\t\t<div class=\"elementor-widget-container\">\n\t\t\t\t\t\t\t\t\t\t\t\t<figure class=\"wp-caption\">\n\t\t\t\t\t\t\t\t\t\t<img fetchpriority=\"high\" decoding=\"async\" width=\"800\" height=\"600\" src=\"https:\/\/www.kajuka.ch\/wp-content\/uploads\/2025\/04\/Karin-Rutschmann-\u2013-Kajuka-malen-1024x768.jpg\" class=\"attachment-large size-large wp-image-908\" alt=\"\" srcset=\"https:\/\/www.kajuka.ch\/wp-content\/uploads\/2025\/04\/Karin-Rutschmann-\u2013-Kajuka-malen-1024x768.jpg 1024w, https:\/\/www.kajuka.ch\/wp-content\/uploads\/2025\/04\/Karin-Rutschmann-\u2013-Kajuka-malen-300x225.jpg 300w, https:\/\/www.kajuka.ch\/wp-content\/uploads\/2025\/04\/Karin-Rutschmann-\u2013-Kajuka-malen-768x576.jpg 768w, https:\/\/www.kajuka.ch\/wp-content\/uploads\/2025\/04\/Karin-Rutschmann-\u2013-Kajuka-malen-1536x1152.jpg 1536w, https:\/\/www.kajuka.ch\/wp-content\/uploads\/2025\/04\/Karin-Rutschmann-\u2013-Kajuka-malen-2048x1536.jpg 2048w, https:\/\/www.kajuka.ch\/wp-content\/uploads\/2025\/04\/Karin-Rutschmann-\u2013-Kajuka-malen-16x12.jpg 16w\" sizes=\"(max-width: 800px) 100vw, 800px\" \/>\t\t\t\t\t\t\t\t\t\t\t<figcaption class=\"widget-image-caption wp-caption-text\">Karin Rutschmann \u2013 Kajuka<\/figcaption>\n\t\t\t\t\t\t\t\t\t\t<\/figure>\n\t\t\t\t\t\t\t\t\t<\/div>\n\t\t\t\t<\/div>\n\t\t\t\t<\/div>\n\t\t<div class=\"elementor-element elementor-element-626aa91 e-con-full e-flex e-con e-child\" data-id=\"626aa91\" data-element_type=\"container\" data-e-type=\"container\">\n\t\t\t\t<div class=\"elementor-element elementor-element-7b61a44 elementor-widget elementor-widget-heading\" data-id=\"7b61a44\" data-element_type=\"widget\" data-e-type=\"widget\" data-widget_type=\"heading.default\">\n\t\t\t\t<div class=\"elementor-widget-container\">\n\t\t\t\t\t<h2 class=\"elementor-heading-title elementor-size-default\">Kajuka<\/h2>\t\t\t\t<\/div>\n\t\t\t\t<\/div>\n\t\t\t\t<div class=\"elementor-element elementor-element-7f21d4f elementor-widget elementor-widget-text-editor\" data-id=\"7f21d4f\" data-element_type=\"widget\" data-e-type=\"widget\" data-widget_type=\"text-editor.default\">\n\t\t\t\t<div class=\"elementor-widget-container\">\n\t\t\t\t\t\t\t\t\t<p class=\"\">Karin Rutschmann<br \/>Fauvel<br \/>12270 Najac<br \/>FRANCE<\/p><p class=\"\">T\u00e9l\u00e9phone: 0033 6 08 74 50 40<\/p><p class=\"\"><a href=\"mailto:info@kajuka.ch\">info@kajuka.ch<\/a><\/p>\t\t\t\t\t\t\t\t<\/div>\n\t\t\t\t<\/div>\n\t\t\t\t<\/div>\n\t\t\t\t\t<\/div>\n\t\t\t\t<\/div>\n\t\t<div class=\"elementor-element elementor-element-84b7d3a e-flex e-con-boxed e-con e-parent\" data-id=\"84b7d3a\" data-element_type=\"container\" data-e-type=\"container\">\n\t\t\t\t\t<div class=\"e-con-inner\">\n\t\t<div class=\"elementor-element elementor-element-089bd7f e-con-full elementor-hidden-mobile e-flex e-con e-child\" data-id=\"089bd7f\" data-element_type=\"container\" data-e-type=\"container\">\n\t\t\t\t<\/div>\n\t\t<div class=\"elementor-element elementor-element-31c4362 e-con-full e-flex e-con e-child\" data-id=\"31c4362\" data-element_type=\"container\" data-e-type=\"container\">\n\t\t\t\t<div class=\"elementor-element elementor-element-661521c elementor-widget elementor-widget-heading\" data-id=\"661521c\" data-element_type=\"widget\" data-e-type=\"widget\" data-widget_type=\"heading.default\">\n\t\t\t\t<div class=\"elementor-widget-container\">\n\t\t\t\t\t<h2 class=\"elementor-heading-title elementor-size-default\">\u00c0 propos de Karin<\/h2>\t\t\t\t<\/div>\n\t\t\t\t<\/div>\n\t\t<div class=\"elementor-element elementor-element-810095b e-grid e-con-full e-con e-child\" data-id=\"810095b\" data-element_type=\"container\" data-e-type=\"container\">\n\t\t\t\t<div class=\"elementor-element elementor-element-b71786a elementor-widget elementor-widget-image\" data-id=\"b71786a\" data-element_type=\"widget\" data-e-type=\"widget\" data-widget_type=\"image.default\">\n\t\t\t\t<div class=\"elementor-widget-container\">\n\t\t\t\t\t\t\t\t\t\t\t\t<figure class=\"wp-caption\">\n\t\t\t\t\t\t\t\t\t\t\t<a href=\"https:\/\/www.kajuka.ch\/wp-content\/uploads\/2025\/04\/Karin-Rutschmann-\u2013-Kajuka-scaled.jpg\" data-elementor-open-lightbox=\"yes\" data-elementor-lightbox-title=\"Karin Rutschmann \u2013 Kajuka\" data-elementor-lightbox-description=\"Kajuka im Atelier\" data-e-action-hash=\"#elementor-action%3Aaction%3Dlightbox%26settings%3DeyJpZCI6OTA5LCJ1cmwiOiJodHRwczpcL1wvd3d3LmthanVrYS5jaFwvd3AtY29udGVudFwvdXBsb2Fkc1wvMjAyNVwvMDRcL0thcmluLVJ1dHNjaG1hbm4tXHUyMDEzLUthanVrYS1zY2FsZWQuanBnIn0%3D\">\n\t\t\t\t\t\t\t<img decoding=\"async\" width=\"800\" height=\"974\" src=\"https:\/\/www.kajuka.ch\/wp-content\/uploads\/2025\/04\/Karin-Rutschmann-\u2013-Kajuka-841x1024.jpg\" class=\"attachment-large size-large wp-image-909\" alt=\"\" srcset=\"https:\/\/www.kajuka.ch\/wp-content\/uploads\/2025\/04\/Karin-Rutschmann-\u2013-Kajuka-841x1024.jpg 841w, https:\/\/www.kajuka.ch\/wp-content\/uploads\/2025\/04\/Karin-Rutschmann-\u2013-Kajuka-246x300.jpg 246w, https:\/\/www.kajuka.ch\/wp-content\/uploads\/2025\/04\/Karin-Rutschmann-\u2013-Kajuka-768x935.jpg 768w, https:\/\/www.kajuka.ch\/wp-content\/uploads\/2025\/04\/Karin-Rutschmann-\u2013-Kajuka-1262x1536.jpg 1262w, https:\/\/www.kajuka.ch\/wp-content\/uploads\/2025\/04\/Karin-Rutschmann-\u2013-Kajuka-1683x2048.jpg 1683w, https:\/\/www.kajuka.ch\/wp-content\/uploads\/2025\/04\/Karin-Rutschmann-\u2013-Kajuka-10x12.jpg 10w\" sizes=\"(max-width: 800px) 100vw, 800px\" \/>\t\t\t\t\t\t\t\t<\/a>\n\t\t\t\t\t\t\t\t\t\t\t<figcaption class=\"widget-image-caption wp-caption-text\"><\/figcaption>\n\t\t\t\t\t\t\t\t\t\t<\/figure>\n\t\t\t\t\t\t\t\t\t<\/div>\n\t\t\t\t<\/div>\n\t\t\t\t<div class=\"elementor-element elementor-element-f6af2f8 elementor-widget elementor-widget-image\" data-id=\"f6af2f8\" data-element_type=\"widget\" data-e-type=\"widget\" data-widget_type=\"image.default\">\n\t\t\t\t<div class=\"elementor-widget-container\">\n\t\t\t\t\t\t\t\t\t\t\t\t\t\t\t\t<a href=\"https:\/\/www.kajuka.ch\/wp-content\/uploads\/2025\/04\/2025-Atelier.jpg\" data-elementor-open-lightbox=\"yes\" data-elementor-lightbox-title=\"2025 Atelier\" data-e-action-hash=\"#elementor-action%3Aaction%3Dlightbox%26settings%3DeyJpZCI6OTA3LCJ1cmwiOiJodHRwczpcL1wvd3d3LmthanVrYS5jaFwvd3AtY29udGVudFwvdXBsb2Fkc1wvMjAyNVwvMDRcLzIwMjUtQXRlbGllci5qcGcifQ%3D%3D\">\n\t\t\t\t\t\t\t<img decoding=\"async\" width=\"800\" height=\"976\" src=\"https:\/\/www.kajuka.ch\/wp-content\/uploads\/2025\/04\/2025-Atelier-839x1024.jpg\" class=\"attachment-large size-large wp-image-907\" alt=\"\" srcset=\"https:\/\/www.kajuka.ch\/wp-content\/uploads\/2025\/04\/2025-Atelier-839x1024.jpg 839w, https:\/\/www.kajuka.ch\/wp-content\/uploads\/2025\/04\/2025-Atelier-246x300.jpg 246w, https:\/\/www.kajuka.ch\/wp-content\/uploads\/2025\/04\/2025-Atelier-768x937.jpg 768w, https:\/\/www.kajuka.ch\/wp-content\/uploads\/2025\/04\/2025-Atelier-1259x1536.jpg 1259w, https:\/\/www.kajuka.ch\/wp-content\/uploads\/2025\/04\/2025-Atelier-1679x2048.jpg 1679w, https:\/\/www.kajuka.ch\/wp-content\/uploads\/2025\/04\/2025-Atelier-10x12.jpg 10w\" sizes=\"(max-width: 800px) 100vw, 800px\" \/>\t\t\t\t\t\t\t\t<\/a>\n\t\t\t\t\t\t\t\t\t\t\t\t\t\t\t<\/div>\n\t\t\t\t<\/div>\n\t\t\t\t<\/div>\n\t\t\t\t<div class=\"elementor-element elementor-element-2e13bad elementor-widget elementor-widget-text-editor\" data-id=\"2e13bad\" data-element_type=\"widget\" data-e-type=\"widget\" data-widget_type=\"text-editor.default\">\n\t\t\t\t<div class=\"elementor-widget-container\">\n\t\t\t\t\t\t\t\t\t<p>Mon travail vise \u00e0 exprimer artistiquement la perception multidimensionnelle des choses. C'est pourquoi mes tableaux sont compos\u00e9s de diff\u00e9rentes couches et plans. Pour cela, je combine techniques et mat\u00e9riaux vari\u00e9s. Les couleurs et les formes s'imbriquent comme pens\u00e9es, sentiments ou souvenirs. Des \u00e9l\u00e9ments concrets sont plac\u00e9s dans un nouveau contexte. Je m'int\u00e9resse \u00e0 la fronti\u00e8re subtile entre rationalit\u00e9 et intuition, trait et couleur, forme et substance<\/p><p>La toile est un face-\u00e0-face authentique et stimulant et nos confrontations sont toujours passionn\u00e9es et intenses. Parfois, l'inspiration se laisse concr\u00e9tiser de fa\u00e7on fluide ; d'autres fois, il faut faire preuve de courage et de combativit\u00e9. \nParfois, le processus et mon rapport \u00e0 la peinture rappelle \u00e0 la remont\u00e9e d\u2019une trouvaille des profondeurs. Un cadeau.<\/p><p>Mon savoir-faire s'est forg\u00e9 au cours de mes nombreuses initiale et continue en design couleur et en art-th\u00e9rapie mais surtout au travers de dizaines d'ann\u00e9es de r\u00e9flexion et pratique sur la peinture en tant que telle. J'ai \u00e9galement d\u00e9di\u00e9 ces 20 derni\u00e8res ann\u00e9es \u00e0 la pratique de l'art-th\u00e9rapie en milieu psychiatrique.<\/p><p>R\u00e9sidant en Suisse jusqu'en 2019, j'ai pr\u00e9sent\u00e9 mes \u0153uvres dans de nombreuses expositions et \u00e9galement exp\u00e9riment\u00e9 des installations et performances.<\/p>\t\t\t\t\t\t\t\t<\/div>\n\t\t\t\t<\/div>\n\t\t\t\t<div class=\"elementor-element elementor-element-a7d82c1 elementor-widget elementor-widget-n-accordion\" data-id=\"a7d82c1\" data-element_type=\"widget\" data-e-type=\"widget\" data-settings=\"{&quot;default_state&quot;:&quot;all_collapsed&quot;,&quot;max_items_expended&quot;:&quot;one&quot;,&quot;n_accordion_animation_duration&quot;:{&quot;unit&quot;:&quot;ms&quot;,&quot;size&quot;:400,&quot;sizes&quot;:[]}}\" data-widget_type=\"nested-accordion.default\">\n\t\t\t\t<div class=\"elementor-widget-container\">\n\t\t\t\t\t\t\t<div class=\"e-n-accordion\" aria-label=\"Accordion. Open links with Enter or Space, close with Escape, and navigate with Arrow Keys\">\n\t\t\t\t\t\t<details id=\"e-n-accordion-item-1750\" class=\"e-n-accordion-item\" >\n\t\t\t\t<summary class=\"e-n-accordion-item-title\" data-accordion-index=\"1\" tabindex=\"0\" aria-expanded=\"false\" aria-controls=\"e-n-accordion-item-1750\" >\n\t\t\t\t\t<span class='e-n-accordion-item-title-header'><div class=\"e-n-accordion-item-title-text\"> English <\/div><\/span>\n\t\t\t\t\t\t\t<span class='e-n-accordion-item-title-icon'>\n\t\t\t<span class='e-opened' ><svg aria-hidden=\"true\" class=\"e-font-icon-svg e-fas-arrow-up\" viewbox=\"0 0 448 512\" xmlns=\"http:\/\/www.w3.org\/2000\/svg\"><path d=\"M34.9 289.5l-22.2-22.2c-9.4-9.4-9.4-24.6 0-33.9L207 39c9.4-9.4 24.6-9.4 33.9 0l194.3 194.3c9.4 9.4 9.4 24.6 0 33.9L413 289.4c-9.5 9.5-25 9.3-34.3-.4L264 168.6V456c0 13.3-10.7 24-24 24h-32c-13.3 0-24-10.7-24-24V168.6L69.2 289.1c-9.3 9.8-24.8 10-34.3.4z\"><\/path><\/svg><\/span>\n\t\t\t<span class='e-closed'><svg aria-hidden=\"true\" class=\"e-font-icon-svg e-fas-arrow-down\" viewbox=\"0 0 448 512\" xmlns=\"http:\/\/www.w3.org\/2000\/svg\"><path d=\"M413.1 222.5l22.2 22.2c9.4 9.4 9.4 24.6 0 33.9L241 473c-9.4 9.4-24.6 9.4-33.9 0L12.7 278.6c-9.4-9.4-9.4-24.6 0-33.9l22.2-22.2c9.5-9.5 25-9.3 34.3.4L184 343.4V56c0-13.3 10.7-24 24-24h32c13.3 0 24 10.7 24 24v287.4l114.8-120.5c9.3-9.8 24.8-10 34.3-.4z\"><\/path><\/svg><\/span>\n\t\t<\/span>\n\n\t\t\t\t\t\t<\/summary>\n\t\t\t\t<div role=\"region\" aria-labelledby=\"e-n-accordion-item-1750\" class=\"elementor-element elementor-element-01ea21f e-con-full e-flex e-con e-child\" data-id=\"01ea21f\" data-element_type=\"container\" data-e-type=\"container\">\n\t\t\t\t<div class=\"elementor-element elementor-element-266db10 elementor-widget elementor-widget-heading\" data-id=\"266db10\" data-element_type=\"widget\" data-e-type=\"widget\" data-widget_type=\"heading.default\">\n\t\t\t\t<div class=\"elementor-widget-container\">\n\t\t\t\t\t<h2 class=\"elementor-heading-title elementor-size-default\">About my pictures and myself<\/h2>\t\t\t\t<\/div>\n\t\t\t\t<\/div>\n\t\t\t\t<div class=\"elementor-element elementor-element-271e3a0 elementor-widget elementor-widget-text-editor\" data-id=\"271e3a0\" data-element_type=\"widget\" data-e-type=\"widget\" data-widget_type=\"text-editor.default\">\n\t\t\t\t<div class=\"elementor-widget-container\">\n\t\t\t\t\t\t\t\t\t<p class=\"p1\">I try to express a holistic perception of things artistically. That is why my pictures consist of various layers and levels. I make use of various techniques and materials. Colours and shapes are placed next to and on top of each other like thoughts, feelings or memories. Objects are arranged in a new context. I am interested in the fine line between intellect and intuition, line and colour or form and content.<\/p><p class=\"p1\">The canvas is an honest and challenging counterpart and our discussions are always passionate and intense. Sometimes inspiration can be realised in a flowing process, other times courage and a fighting spirit are required. The painting process is often like unearthing a find from the depths. A gift.<\/p><p class=\"p1\">I learnt my craft during my training in colour design and art therapy as well as many further training courses, and above all through decades of involvement with painting itself. For the last 20 years, I have mainly worked as an art therapist in the psychiatric field.<\/p><p class=\"p1\">Living in Switzerland until 2019, I showed my works in numerous exhibitions there and also experimented with installations and performances.<\/p>\t\t\t\t\t\t\t\t<\/div>\n\t\t\t\t<\/div>\n\t\t\t\t<\/div>\n\t\t\t\t\t<\/details>\n\t\t\t\t\t<\/div>\n\t\t\t\t\t\t<\/div>\n\t\t\t\t<\/div>\n\t\t\t\t<\/div>\n\t\t\t\t\t<\/div>\n\t\t\t\t<\/div>\n\t\t<div class=\"elementor-element elementor-element-a31a22e e-flex e-con-boxed e-con e-parent\" data-id=\"a31a22e\" data-element_type=\"container\" data-e-type=\"container\">\n\t\t\t\t\t<div class=\"e-con-inner\">\n\t\t<div class=\"elementor-element elementor-element-ce12e06 e-con-full e-flex e-con e-child\" data-id=\"ce12e06\" data-element_type=\"container\" data-e-type=\"container\">\n\t\t\t\t<\/div>\n\t\t\t\t\t<\/div>\n\t\t\t\t<\/div>\n\t\t\t\t<\/div>","protected":false},"excerpt":{"rendered":"<p>Kontakt Karin Rutschmann \u2013 Kajuka Kajuka Karin RutschmannFauvel12270 NajacFRANCE Telefon: 0033 6 08 74 50 40 info@kajuka.ch \u00dcber meine Bilder und mich Ich versuche eine ganzheitliche Wahrnehmung der Dinge k\u00fcnstlerisch zum Ausdruck zu bringen. Deshalb bestehen meine Bilder aus diversen Schichten und Ebenen. Dabei bediene ich mich verschiedener Techniken und Materialien. Farben und Formen legen [&hellip;]<\/p>\n","protected":false},"author":1,"featured_media":908,"parent":0,"menu_order":0,"comment_status":"closed","ping_status":"closed","template":"elementor_header_footer","meta":{"footnotes":""},"class_list":["post-47","page","type-page","status-publish","has-post-thumbnail","hentry"],"aioseo_notices":[],"_links":{"self":[{"href":"https:\/\/www.kajuka.ch\/fr\/wp-json\/wp\/v2\/pages\/47","targetHints":{"allow":["GET"]}}],"collection":[{"href":"https:\/\/www.kajuka.ch\/fr\/wp-json\/wp\/v2\/pages"}],"about":[{"href":"https:\/\/www.kajuka.ch\/fr\/wp-json\/wp\/v2\/types\/page"}],"author":[{"embeddable":true,"href":"https:\/\/www.kajuka.ch\/fr\/wp-json\/wp\/v2\/users\/1"}],"replies":[{"embeddable":true,"href":"https:\/\/www.kajuka.ch\/fr\/wp-json\/wp\/v2\/comments?post=47"}],"version-history":[{"count":137,"href":"https:\/\/www.kajuka.ch\/fr\/wp-json\/wp\/v2\/pages\/47\/revisions"}],"predecessor-version":[{"id":1790,"href":"https:\/\/www.kajuka.ch\/fr\/wp-json\/wp\/v2\/pages\/47\/revisions\/1790"}],"wp:featuredmedia":[{"embeddable":true,"href":"https:\/\/www.kajuka.ch\/fr\/wp-json\/wp\/v2\/media\/908"}],"wp:attachment":[{"href":"https:\/\/www.kajuka.ch\/fr\/wp-json\/wp\/v2\/media?parent=47"}],"curies":[{"name":"wp","href":"https:\/\/api.w.org\/{rel}","templated":true}]}}